{"id":6686,"date":"2014-03-10T16:58:24","date_gmt":"2014-03-10T16:58:24","guid":{"rendered":"https:\/\/helpdesk.kontainer.com\/support\/"},"modified":"2026-04-10T10:36:14","modified_gmt":"2026-04-10T08:36:14","slug":"support-service","status":"publish","type":"page","link":"https:\/\/helpdesk.kontainer.com\/de\/support-service\/","title":{"rendered":"Support"},"content":{"rendered":"<p><strong>Kontaktieren Sie uns.<\/strong><strong> Wir sind f\u00fcr Sie da!<\/strong><\/p>\n<p>Wenn Sie ein Problem haben oder Informationen ben\u00f6tigen, die Sie nicht in unseren <strong><a href=\"https:\/\/helpdesk.kontainer.com\/de\/\">Helpdesk-Artikeln<\/a><\/strong> finden konnten, senden Sie bitte ein Ticket ein. Wir melden uns in K\u00fcrze bei Ihnen.<\/p>\n<h2>Ticketformular ausf\u00fcllen<\/h2>\n<p><script charset=\"utf-8\" type=\"text\/javascript\" src=\"\/\/js-eu1.hsforms.net\/forms\/v2.js\"><\/script> <script> hbspt.forms.create({ region: \"eu1\", portalId: \"25539371\", formId: \"c902f6cd-76de-45e3-adfc-1060634093d2\" }); <\/script><\/p>\n<p style=\"text-align: left;\"><strong>Alternativ k\u00f6nnen Sie auch: <a href=\"http:\/\/calendly.com\/kontainer_\/support\">Eine Online-Support-Session buchen<\/a> | Uns anrufen unter <span class=\"s1\">+45 33 11 20 03<\/span><\/strong><\/p>\n<p>&nbsp;<\/p>\n","protected":false},"excerpt":{"rendered":"<p>Kontaktieren Sie uns. Wir sind f\u00fcr Sie da! Wenn Sie ein Problem haben oder Informationen ben\u00f6tigen, die Sie nicht in unseren Helpdesk-Artikeln finden konnten, senden Sie bitte ein Ticket ein. Wir melden uns in K\u00fcrze bei Ihnen. Ticketformular ausf\u00fcllen Alternativ k\u00f6nnen Sie auch: Eine Online-Support-Session buchen | Uns anrufen unter +45 33 11 20 03 [&hellip;]<\/p>\n","protected":false},"author":2,"featured_media":0,"parent":0,"menu_order":0,"comment_status":"open","ping_status":"open","template":"","meta":{"footnotes":""},"class_list":["post-6686","page","type-page","status-publish","hentry"],"_links":{"self":[{"href":"https:\/\/helpdesk.kontainer.com\/de\/wp-json\/wp\/v2\/pages\/6686","targetHints":{"allow":["GET"]}}],"collection":[{"href":"https:\/\/helpdesk.kontainer.com\/de\/wp-json\/wp\/v2\/pages"}],"about":[{"href":"https:\/\/helpdesk.kontainer.com\/de\/wp-json\/wp\/v2\/types\/page"}],"author":[{"embeddable":true,"href":"https:\/\/helpdesk.kontainer.com\/de\/wp-json\/wp\/v2\/users\/2"}],"replies":[{"embeddable":true,"href":"https:\/\/helpdesk.kontainer.com\/de\/wp-json\/wp\/v2\/comments?post=6686"}],"version-history":[{"count":2,"href":"https:\/\/helpdesk.kontainer.com\/de\/wp-json\/wp\/v2\/pages\/6686\/revisions"}],"predecessor-version":[{"id":6700,"href":"https:\/\/helpdesk.kontainer.com\/de\/wp-json\/wp\/v2\/pages\/6686\/revisions\/6700"}],"wp:attachment":[{"href":"https:\/\/helpdesk.kontainer.com\/de\/wp-json\/wp\/v2\/media?parent=6686"}],"curies":[{"name":"wp","href":"https:\/\/api.w.org\/{rel}","templated":true}]}}