{"id":6675,"date":"2020-04-30T13:17:14","date_gmt":"2020-04-30T11:17:14","guid":{"rendered":"https:\/\/helpdesk.kontainer.com\/new-feature\/"},"modified":"2026-01-28T07:29:55","modified_gmt":"2026-01-28T06:29:55","slug":"feature-anfragen","status":"publish","type":"page","link":"https:\/\/helpdesk.kontainer.com\/de\/feature-anfragen\/","title":{"rendered":"Neues Feature anfragen"},"content":{"rendered":"<p>Wir sind stets bestrebt, unseren Kunden aufmerksam zuzuh\u00f6ren, und sch\u00e4tzen jede R\u00fcckmeldung und jeden Einblick, den wir erhalten, sehr.<\/p>\n<p>Wenn Sie eine Idee oder einen Vorschlag haben, den wir ber\u00fccksichtigen sollen, nehmen Sie sich bitte einen Moment Zeit und erstellen Sie eine Feature-Anfrage, indem Sie das untenstehende Formular ausf\u00fcllen.<\/p>\n<p>Ihr Feedback hilft dabei, die Zukunft dessen zu gestalten, was wir entwickeln.<\/p>\n<p><script charset=\"utf-8\" type=\"text\/javascript\" src=\"\/\/js-eu1.hsforms.net\/forms\/embed\/v2.js\"><\/script> <script> hbspt.forms.create({ portalId: \"25539371\", formId: \"d91e2609-4274-4c81-9d6e-ab143de317fa\", region: \"eu1\" }); <\/script><\/p>\n","protected":false},"excerpt":{"rendered":"<p>Wir sind stets bestrebt, unseren Kunden aufmerksam zuzuh\u00f6ren, und sch\u00e4tzen jede R\u00fcckmeldung und jeden Einblick, den wir erhalten, sehr. Wenn Sie eine Idee oder einen Vorschlag haben, den wir ber\u00fccksichtigen sollen, nehmen Sie sich bitte einen Moment Zeit und erstellen Sie eine Feature-Anfrage, indem Sie das untenstehende Formular ausf\u00fcllen. Ihr Feedback hilft dabei, die Zukunft [&hellip;]<\/p>\n","protected":false},"author":2,"featured_media":0,"parent":0,"menu_order":0,"comment_status":"closed","ping_status":"closed","template":"template-contact.php","meta":{"footnotes":""},"class_list":["post-6675","page","type-page","status-publish","hentry"],"_links":{"self":[{"href":"https:\/\/helpdesk.kontainer.com\/de\/wp-json\/wp\/v2\/pages\/6675","targetHints":{"allow":["GET"]}}],"collection":[{"href":"https:\/\/helpdesk.kontainer.com\/de\/wp-json\/wp\/v2\/pages"}],"about":[{"href":"https:\/\/helpdesk.kontainer.com\/de\/wp-json\/wp\/v2\/types\/page"}],"author":[{"embeddable":true,"href":"https:\/\/helpdesk.kontainer.com\/de\/wp-json\/wp\/v2\/users\/2"}],"replies":[{"embeddable":true,"href":"https:\/\/helpdesk.kontainer.com\/de\/wp-json\/wp\/v2\/comments?post=6675"}],"version-history":[{"count":1,"href":"https:\/\/helpdesk.kontainer.com\/de\/wp-json\/wp\/v2\/pages\/6675\/revisions"}],"predecessor-version":[{"id":6684,"href":"https:\/\/helpdesk.kontainer.com\/de\/wp-json\/wp\/v2\/pages\/6675\/revisions\/6684"}],"wp:attachment":[{"href":"https:\/\/helpdesk.kontainer.com\/de\/wp-json\/wp\/v2\/media?parent=6675"}],"curies":[{"name":"wp","href":"https:\/\/api.w.org\/{rel}","templated":true}]}}