{"id":6666,"date":"2025-12-10T13:35:46","date_gmt":"2025-12-10T12:35:46","guid":{"rendered":"https:\/\/helpdesk.kontainer.com\/end-user-guide\/"},"modified":"2026-04-10T10:35:48","modified_gmt":"2026-04-10T08:35:48","slug":"endnutzer-guide","status":"publish","type":"page","link":"https:\/\/helpdesk.kontainer.com\/de\/endnutzer-guide\/","title":{"rendered":"Endnutzer-Guide"},"content":{"rendered":"<p class=\"PRESETNormal\">Unten finden Sie unseren standardisierten Endbenutzer-Leitfaden f\u00fcr Kontainer DAM.<\/p>\n<p class=\"PRESETNormal\">Jeder Kunde nutzt und gestaltet Kontainer DAM passend zur eigenen Marke, Identit\u00e4t und zu individuellen Anforderungen. Farben, Strukturen, Datens\u00e4tze und mehr h\u00e4ngen daher von den jeweiligen Einstellungen des Kontainers ab, den Sie verwenden. Dieser Leitfaden bietet einen einfachen \u00dcberblick \u00fcber die Standardfunktionen.<\/p>\n<h3>In diesem Leitfaden<\/h3>\n<ul>\n<li><a href=\"#chapter1\">W<em>ie: <strong>Navigieren<\/strong><\/em><\/a><\/li>\n<li><em><a href=\"#chapter2\">Wie: <strong>Anzeigen<\/strong><\/a><\/em><\/li>\n<li><em><a href=\"#chapter3\">Wie: <strong>Teilen<\/strong><\/a><\/em><\/li>\n<li><em><a href=\"#chapter4\">Wie: <strong>Herunterladen<\/strong><\/a><\/em><\/li>\n<li><em><a href=\"#chapter5\">Wie: <strong>Suchen<\/strong><\/a><\/em><\/li>\n<li><em><a href=\"#chapter6\">Wie: <strong>Profil bearbeiten<\/strong><\/a><\/em><\/li>\n<\/ul>\n<p>Wenn Sie Fragen haben, wenden Sie sich bitte an die Admin-Benutzer des Kontainers, auf den Sie zugreifen. Sie k\u00f6nnen auch gerne unser <em><a href=\"mailto:support@kontainer.com\">Customer-Success-Team per E-Mail kontaktieren<\/a><\/em>.<\/p>\n<hr \/>\n<h3 id=\"chapter1\"><strong><span style=\"color: #bfa27b;\">How-to:<\/span> Navigieren<\/strong><\/h3>\n<div class=\"folderview__txt-element__content\">\n<p>Allgemeiner Aufbau von Kontainer.<\/p>\n<ul>\n<li>Logo-\/Startseiten-Schaltfl\u00e4che<\/li>\n<li>Ordnerstruktur<\/li>\n<li>Suche<\/li>\n<li>Anzeigeeinstellungen<\/li>\n<li style=\"list-style-type: none;\"><\/li>\n<\/ul>\n<p><img decoding=\"async\" class=\"alignnone size-full\" src=\"https:\/\/helpdesk.kontainer.com\/wp-content\/uploads\/2026\/01\/Kontainer-DAM_End-user-guide_Navigate-scaled.png\" alt=\"Navigation areas marked in Kontainer DAM\" width=\"800\" \/><\/p>\n<\/div>\n<div class=\"folderview__txt-element__content\"><\/div>\n<div class=\"folderview__section Caption folderview__section--grid-3\">\n<div class=\"folderview__element\">\n<div class=\"folderview__txt-element mid-left SMALL-pad\">\n<div class=\"folderview__txt-element__content\">\n<hr \/>\n<h3 id=\"chapter2\"><strong><span style=\"color: #bfa27b;\">How-to:<\/span> Anzeigen<\/strong><\/h3>\n<p><em>Raster-\/Kachel-\/Listenansicht<\/em><\/p>\n<div class=\"folderview__txt-element__content\">\n<p>Optionen:<\/p>\n<ul>\n<li>Dateiinformationen anzeigen<\/li>\n<li>Download-Format ausw\u00e4hlen<\/li>\n<li>Ausgew\u00e4hlte Dateien teilen<\/li>\n<li>Dateien markieren*<\/li>\n<li>Weitere Men\u00fcoptionen aufrufen<\/li>\n<\/ul>\n<p><i>*erstellt eine tempor\u00e4re Auswahl zum Teilen oder Herunterladen.<\/i> <img decoding=\"async\" class=\"alignnone size-full\" src=\"https:\/\/helpdesk.kontainer.com\/wp-content\/uploads\/2026\/01\/Kontainer-DAM_End-user-guide_grid-view-scaled.png\" alt=\"File viewing options from grid view in Kontainer DAM\" width=\"800\" \/><\/p>\n<\/div>\n<\/div>\n<p>&nbsp;<\/p>\n<div class=\"folderview__txt-element__content\">\n<div class=\"folderview__section Caption folderview__section--grid-3\">\n<div class=\"folderview__element\">\n<div class=\"folderview__txt-element mid-left SMALL-pad\">\n<div class=\"folderview__txt-element__content\">\n<hr \/>\n<h3><strong><span style=\"color: #bfa27b;\">How-to:<\/span> Anzeigen<\/strong><\/h3>\n<div class=\"folderview__txt-element__content\">\n<p><em>Galerie-\/Vollbildansicht<\/em><\/p>\n<div class=\"folderview__section Caption folderview__section--grid-3\">\n<div class=\"folderview__element\">\n<div class=\"folderview__txt-element mid-left SMALL-pad\">\n<div class=\"folderview__txt-element__content\">\n<p>Klicken Sie auf ein Bild, um den Galerie-Modus zu \u00f6ffnen.<\/p>\n<ul>\n<li>Durch Bilder bl\u00e4ttern<\/li>\n<li>Dateiinformationen anzeigen<\/li>\n<li>Download-Format ausw\u00e4hlen<\/li>\n<li>Datei teilen<\/li>\n<li>Datei markieren*<\/li>\n<\/ul>\n<p><i>*erstellt eine tempor\u00e4re Auswahl zum Teilen oder Herunterladen.<\/i><\/p>\n<\/div>\n<p><img decoding=\"async\" class=\"alignnone size-full\" src=\"https:\/\/helpdesk.kontainer.com\/wp-content\/uploads\/2026\/01\/Kontainer-DAM_End-user-guide_gallery-view-scaled.png\" alt=\"File options from gallery view in Kontainer DAM\" width=\"800\" \/><\/p>\n<div class=\"folderview__txt-element__content\">\n<hr \/>\n<\/div>\n<\/div>\n<\/div>\n<\/div>\n<div class=\"folderview__section Caption folderview__section--grid-3\">\n<div class=\"folderview__element\">\n<div class=\"folderview__txt-element mid-left SMALL-pad\">\n<div class=\"folderview__txt-element__content\"><\/div>\n<\/div>\n<\/div>\n<\/div>\n<h3 id=\"chapter3\"><strong><span style=\"color: #bfa27b;\">How-to:<\/span> Teilen<\/strong><\/h3>\n<div class=\"folderview__txt-element__content\">\n<p><em>Einstellungen<\/em><\/p>\n<div class=\"folderview__section Caption folderview__section--grid-3\">\n<div class=\"folderview__element\">\n<div class=\"folderview__txt-element mid-left SMALL-pad\">\n<div class=\"folderview__txt-element__content\">\n<p>F\u00fcnf Einstellungen, die zu beachten sind:<\/p>\n<ul>\n<li>Ablaufdatum des Links<\/li>\n<li>Download-Optionen<\/li>\n<li>Sichtbarkeit von Feldern (getaggte Daten)<\/li>\n<li>Nutzungsbenachrichtigung*<\/li>\n<li>E-Mail senden* oder Link erhalten<\/li>\n<\/ul>\n<p><i>*f\u00fcr Benutzerkonten mit E-Mail-Adresse.<\/i> <img decoding=\"async\" class=\"alignnone size-full\" src=\"https:\/\/helpdesk.kontainer.com\/wp-content\/uploads\/2026\/01\/Kontainer-DAM_End-user-guide_share-options-scaled.png\" alt=\"Options when sharing files and folders in Kontainer DAM\" width=\"800\" \/><\/p>\n<hr \/>\n<h3><strong><span style=\"color: #bfa27b;\">How-to:<\/span> Teilen<\/strong><\/h3>\n<div class=\"folderview__txt-element__content\">\n<p><em>Optionen<\/em><\/p>\n<div class=\"folderview__section Caption folderview__section--grid-3\">\n<div class=\"folderview__element\">\n<div class=\"folderview__txt-element mid-left SMALL-pad\">\n<div class=\"folderview__txt-element__content\">\n<div class=\"folderview__section Caption folderview__section--grid-3\">\n<div class=\"folderview__element\">\n<div class=\"folderview__txt-element mid-left SMALL-pad\">\n<div class=\"folderview__txt-element__content\">\n<ul>\n<li>Eine Auswahl von Dateien<\/li>\n<li>Eine einzelne Datei<\/li>\n<li>Einen Ordner<\/li>\n<li>Aus dem Stern-\u201eWarenkorb\u201c<\/li>\n<\/ul>\n<div style=\"width: 699px;\" class=\"wp-video\"><video class=\"wp-video-shortcode\" id=\"video-6666-1\" width=\"699\" height=\"405\" preload=\"metadata\" controls=\"controls\"><source type=\"video\/mp4\" src=\"https:\/\/helpdesk.kontainer.com\/wp-content\/uploads\/2026\/01\/Kontainer-DAM_End-user-guide_sharing_video.mp4?_=1\" \/><a href=\"https:\/\/helpdesk.kontainer.com\/wp-content\/uploads\/2026\/01\/Kontainer-DAM_End-user-guide_sharing_video.mp4\">https:\/\/helpdesk.kontainer.com\/wp-content\/uploads\/2026\/01\/Kontainer-DAM_End-user-guide_sharing_video.mp4<\/a><\/video><\/div>\n<\/div>\n<\/div>\n<\/div>\n<\/div>\n<hr \/>\n<h3 id=\"chapter4\"><strong><span style=\"color: #bfa27b;\">How-to:<\/span> Herunterladen<\/strong><\/h3>\n<div class=\"folderview__txt-element__content\">\n<p><em>Individuell<\/em><\/p>\n<div class=\"folderview__section Caption folderview__section--grid-3\">\n<div class=\"folderview__element\">\n<div class=\"folderview__txt-element mid-left SMALL-pad\">\n<div class=\"folderview__txt-element__content\">\n<div class=\"folderview__section Caption folderview__section--grid-3\">\n<div class=\"folderview__element\">\n<div class=\"folderview__txt-element mid-left SMALL-pad\">\n<div class=\"folderview__txt-element__content\">\n<p>Laden Sie die Originaldatei herunter, verwenden Sie eine Download-Vorlage oder den benutzerdefinierten Formatter.<\/p>\n<div style=\"width: 699px;\" class=\"wp-video\"><video class=\"wp-video-shortcode\" id=\"video-6666-2\" width=\"699\" height=\"405\" preload=\"metadata\" controls=\"controls\"><source type=\"video\/mp4\" src=\"https:\/\/helpdesk.kontainer.com\/wp-content\/uploads\/2026\/01\/Kontainer-DAM_End-user-guide_Download-Custom-video.mp4?_=2\" \/><a href=\"https:\/\/helpdesk.kontainer.com\/wp-content\/uploads\/2026\/01\/Kontainer-DAM_End-user-guide_Download-Custom-video.mp4\">https:\/\/helpdesk.kontainer.com\/wp-content\/uploads\/2026\/01\/Kontainer-DAM_End-user-guide_Download-Custom-video.mp4<\/a><\/video><\/div>\n<p>[\/video<br \/>\n]<\/p>\n<\/div>\n<div class=\"folderview__txt-element__content\">\n<hr \/>\n<h3><strong><span style=\"color: #bfa27b;\">How-to:<\/span> Herunterladen<\/strong><\/h3>\n<div class=\"folderview__txt-element__content\">\n<p><em>Vorlagen<\/em><\/p>\n<div class=\"folderview__section Caption folderview__section--grid-3\">\n<div class=\"folderview__element\">\n<div class=\"folderview__txt-element mid-left SMALL-pad\">\n<div class=\"folderview__txt-element__content\">\n<div class=\"folderview__section Caption folderview__section--grid-3\">\n<div class=\"folderview__element\">\n<div class=\"folderview__txt-element mid-left SMALL-pad\">\n<div class=\"folderview__txt-element__content\">\n<p>Der Download startet entweder sofort, oder Sie m\u00fcssen zuerst einen Zuschnitt ausw\u00e4hlen.<\/p>\n<div style=\"width: 699px;\" class=\"wp-video\"><video class=\"wp-video-shortcode\" id=\"video-6666-3\" width=\"699\" height=\"405\" preload=\"metadata\" controls=\"controls\"><source type=\"video\/mp4\" src=\"https:\/\/helpdesk.kontainer.com\/wp-content\/uploads\/2026\/01\/Kontainer-DAM_End-user-guide_Download-Templates-video.mp4?_=3\" \/><a href=\"https:\/\/helpdesk.kontainer.com\/wp-content\/uploads\/2026\/01\/Kontainer-DAM_End-user-guide_Download-Templates-video.mp4\">https:\/\/helpdesk.kontainer.com\/wp-content\/uploads\/2026\/01\/Kontainer-DAM_End-user-guide_Download-Templates-video.mp4<\/a><\/video><\/div>\n<p>[\/video<br \/>\n]<\/p>\n<\/div>\n<div class=\"folderview__txt-element__content\">\n<hr \/>\n<h3 id=\"chapter5\"><strong><span style=\"color: #bfa27b;\">How-to:<\/span> Suchen<\/strong><\/h3>\n<div class=\"folderview__txt-element__content\">\n<p>Lokal oder global \u00fcber:<\/p>\n<div class=\"folderview__section Caption folderview__section--grid-3\">\n<div class=\"folderview__element\">\n<div class=\"folderview__txt-element mid-left SMALL-pad\">\n<div class=\"folderview__txt-element__content\">\n<div class=\"folderview__section Caption folderview__section--grid-3\">\n<div class=\"folderview__element\">\n<div class=\"folderview__txt-element mid-left SMALL-pad\">\n<div class=\"folderview__txt-element__content\">\n<ul>\n<li>Schl\u00fcsselw\u00f6rter<\/li>\n<li>Filter<\/li>\n<li>Offene Werte<\/li>\n<li>Exakte Werte<\/li>\n<li>Erweitert<\/li>\n<\/ul>\n<p>Weitere Informationen finden Sie im <a href=\"https:\/\/helpdesk.kontainer.com\/de\/article\/suchen-in-kontainer-dam\/\"><u>Suchleitfaden<\/u><\/a>.<\/p>\n<div style=\"width: 699px;\" class=\"wp-video\"><video class=\"wp-video-shortcode\" id=\"video-6666-4\" width=\"699\" height=\"405\" preload=\"metadata\" controls=\"controls\"><source type=\"video\/mp4\" src=\"https:\/\/helpdesk.kontainer.com\/wp-content\/uploads\/2026\/01\/Kontainer-DAM_End-user-guide_Search-video.mp4?_=4\" \/><a href=\"https:\/\/helpdesk.kontainer.com\/wp-content\/uploads\/2026\/01\/Kontainer-DAM_End-user-guide_Search-video.mp4\">https:\/\/helpdesk.kontainer.com\/wp-content\/uploads\/2026\/01\/Kontainer-DAM_End-user-guide_Search-video.mp4<\/a><\/video><\/div>\n<p>[\/video<br \/>\n]<\/p>\n<\/div>\n<hr \/>\n<h3 id=\"chapter6\"><strong><span style=\"color: #bfa27b;\">How-to:<\/span> Profil bearbeiten<\/strong><\/h3>\n<div class=\"folderview__txt-element__content\">\n<p>Profil-Symbol in der unteren linken Ecke.<\/p>\n<ul>\n<li>Profildetails<\/li>\n<li>Spracheinstellungen<\/li>\n<li>Adobe- und Office-Plugins*<\/li>\n<li>Benachrichtigungen abonnieren**<\/li>\n<\/ul>\n<p><i>*<\/i><a href=\"https:\/\/helpdesk.kontainer.com\/de\/article\/kontainer-plugins-fuer-adobe\/\" target=\"_blank\" rel=\"noreferrer noopener\"><u><i>Adobe<\/i><\/u><\/a><i>&#8211; und <\/i><a href=\"https:\/\/helpdesk.kontainer.com\/de\/article\/kontainer-office-plugin-guide\/\" target=\"_blank\" rel=\"noreferrer noopener\"><u><i>Office<\/i><\/u><\/a><i>-Leitf\u00e4den<\/i><\/p>\n<p><i>**f\u00fcr Benutzerkonten mit E-Mail-Adresse.<\/i><\/p>\n<div class=\"folderview__section Caption folderview__section--grid-3\">\n<div class=\"folderview__element\">\n<div class=\"folderview__txt-element mid-left SMALL-pad\">\n<div class=\"folderview__txt-element__content\">\n<div class=\"folderview__section Caption folderview__section--grid-3\">\n<div class=\"folderview__element\">\n<div class=\"folderview__txt-element mid-left SMALL-pad\">\n<p><img decoding=\"async\" class=\"alignnone size-full\" src=\"https:\/\/helpdesk.kontainer.com\/wp-content\/uploads\/2026\/01\/Kontainer-DAM_End-user-guide_profile-scaled.png\" alt=\"Profile settings in Kontainer DAM\" width=\"800\" \/><\/p>\n<hr \/>\n<\/div>\n<\/div>\n<\/div>\n<p>&nbsp;<\/p>\n<p class=\"PRESETH3\">Vielen Dank f\u00fcr Ihren Besuch in unserem Leitfaden.<\/p>\n<p class=\"PRESETH3\">Wenn Sie Fragen haben oder Inspiration ben\u00f6tigen, <a href=\"mailto:support@kontainer.com\" target=\"_blank\" rel=\"noreferrer noopener\"><u><em>schreiben Sie dem Customer-Success-Team eine E-Mail.<\/em><\/u><\/a><\/p>\n<\/div>\n<\/div>\n<\/div>\n<\/div>\n<\/div>\n<\/div>\n<\/div>\n<\/div>\n<\/div>\n<\/div>\n<\/div>\n<\/div>\n<\/div>\n<\/div>\n<\/div>\n<\/div>\n<\/div>\n<\/div>\n<\/div>\n<\/div>\n<\/div>\n<\/div>\n<\/div>\n<\/div>\n<\/div>\n<\/div>\n<\/div>\n<\/div>\n<\/div>\n<\/div>\n<\/div>\n<\/div>\n<\/div>\n<\/div>\n<\/div>\n<\/div>\n<\/div>\n<\/div>\n<\/div>\n<\/div>\n<\/div>\n<\/div>\n<\/div>\n<\/div>\n<\/div>\n<\/div>\n<\/div>\n<\/div>\n<\/div>\n<\/div>\n","protected":false},"excerpt":{"rendered":"<p>Unten finden Sie unseren standardisierten Endbenutzer-Leitfaden f\u00fcr Kontainer DAM. Jeder Kunde nutzt und gestaltet Kontainer DAM passend zur eigenen Marke, Identit\u00e4t und zu individuellen Anforderungen. Farben, Strukturen, Datens\u00e4tze und mehr h\u00e4ngen daher von den jeweiligen Einstellungen des Kontainers ab, den Sie verwenden. Dieser Leitfaden bietet einen einfachen \u00dcberblick \u00fcber die Standardfunktionen. In diesem Leitfaden Wie: [&hellip;]<\/p>\n","protected":false},"author":13,"featured_media":0,"parent":0,"menu_order":0,"comment_status":"closed","ping_status":"closed","template":"","meta":{"footnotes":""},"class_list":["post-6666","page","type-page","status-publish","hentry"],"_links":{"self":[{"href":"https:\/\/helpdesk.kontainer.com\/de\/wp-json\/wp\/v2\/pages\/6666","targetHints":{"allow":["GET"]}}],"collection":[{"href":"https:\/\/helpdesk.kontainer.com\/de\/wp-json\/wp\/v2\/pages"}],"about":[{"href":"https:\/\/helpdesk.kontainer.com\/de\/wp-json\/wp\/v2\/types\/page"}],"author":[{"embeddable":true,"href":"https:\/\/helpdesk.kontainer.com\/de\/wp-json\/wp\/v2\/users\/13"}],"replies":[{"embeddable":true,"href":"https:\/\/helpdesk.kontainer.com\/de\/wp-json\/wp\/v2\/comments?post=6666"}],"version-history":[{"count":4,"href":"https:\/\/helpdesk.kontainer.com\/de\/wp-json\/wp\/v2\/pages\/6666\/revisions"}],"predecessor-version":[{"id":7411,"href":"https:\/\/helpdesk.kontainer.com\/de\/wp-json\/wp\/v2\/pages\/6666\/revisions\/7411"}],"wp:attachment":[{"href":"https:\/\/helpdesk.kontainer.com\/de\/wp-json\/wp\/v2\/media?parent=6666"}],"curies":[{"name":"wp","href":"https:\/\/api.w.org\/{rel}","templated":true}]}}