{"id":6662,"date":"2025-12-15T12:41:08","date_gmt":"2025-12-15T11:41:08","guid":{"rendered":"https:\/\/helpdesk.kontainer.com\/user-guides\/"},"modified":"2026-04-10T10:35:27","modified_gmt":"2026-04-10T08:35:27","slug":"user-guides","status":"publish","type":"page","link":"https:\/\/helpdesk.kontainer.com\/de\/user-guides\/","title":{"rendered":"Admin user guide"},"content":{"rendered":"<p style=\"font-weight: 400;\">Willkommen bei Kontainer DAM. Egal, ob dies Ihre erste Einf\u00fchrung in das System ist oder Sie Ihr Wissen auffrischen m\u00f6chten \u2013 wir sind hier, um Ihnen zu helfen, Ihre Aufgaben zu erledigen.<\/p>\n<p style=\"font-weight: 400;\">Im folgenden Leitfaden gehen wir auf die Grundlagen von Kontainer DAM ein. Um mit Kontainer PIM zu beginnen, besuchen Sie bitte den <em><strong><a href=\"https:\/\/helpdesk.kontainer.com\/de\/article\/pim-grundlagen\/\" target=\"_blank\" rel=\"noopener\">PIM-Einf\u00fchrungsleitfaden hier<\/a><\/strong><\/em>.<\/p>\n<h3>Unser Ziel ist Ihr Erfolg<\/h3>\n<p style=\"font-weight: 400;\">Z\u00f6gern Sie nicht, <strong><em><a href=\"mailto:support@kontainer.com\" target=\"_blank\" rel=\"noopener\">uns per E-Mail zu kontaktieren<\/a><\/em><\/strong> oder nutzen Sie den Chat in der unteren rechten Ecke. Hier gibt es keine Bots, sondern nur kompetente, erfahrene Kollegen aus dem Kundenservice.<\/p>\n<p style=\"font-weight: 400;\">Sie k\u00f6nnen auch gerne <em><a href=\"http:\/\/calendly.com\/kontainer_\/support\" target=\"_blank\" rel=\"noopener\">Onboarding-Schulungen im Kalender buchen<\/a><\/em>.<\/p>\n<p>&nbsp;<\/p>\n<hr \/>\n<h3><span style=\"color: #bfa27b;\"><em><a style=\"color: #bfa27b;\" href=\"https:\/\/helpdesk.kontainer.com\/de\/article\/pim-grundlagen\/\" target=\"_blank\" rel=\"noopener\">Klicken Sie hier<\/a><\/em> f\u00fcr eine Einf\u00fchrung in PIM.<\/span><\/h3>\n<hr \/>\n<div>\n<p>&nbsp;<\/p>\n<h2><span lang=\"EN-US\">Erste Schritte<\/span><\/h2>\n<\/div>\n<div>\n<p><span lang=\"EN-US\">Der erste Schritt ist oft der schwerste, daher m\u00f6chten wir ihn so einfach wie m\u00f6glich gestalten. Kontainer DAM bietet viele coole Funktionen, aber wir beginnen mit den Grundlagen.<\/span><\/p>\n<\/div>\n<div>\n<p><strong><span lang=\"EN-US\">Der h\u00e4ufigste Ausgangspunkt<\/span><\/strong><\/p>\n<\/div>\n<div>\n<p style=\"font-weight: 400;\">Obwohl alle Organisationen Kontainer an ihre Bed\u00fcrfnisse anpassen und das System unterschiedlich nutzen, ist dies in der Regel der schnellste Einstieg f\u00fcr neue Administratoren:<\/p>\n<ol>\n<li><em><strong><a href=\"#chapter1\">Dateien in Ordner hochladen<\/a><\/strong><\/em><\/li>\n<li><em><strong><a href=\"#chapter2\">Dateien mit Daten versehen<\/a><\/strong><\/em><\/li>\n<li><em><strong><a href=\"#chapter3\">Zugriff pr\u00fcfen oder gew\u00e4hren<\/a><\/strong><\/em><\/li>\n<li><em><strong><a href=\"#chapter4\">Schnelleinf\u00fchrung in Designoptionen und Voreinstellungen<\/a><\/strong><\/em><\/li>\n<li><em><strong><a href=\"#chapter5\">Automatische Konvertierungsvorlagen<\/a><\/strong><a href=\"#chapter5\"> \u2013 f\u00fcr Social Media, Newsletter, CMS oder H\u00e4ndleranforderungen<\/a><\/em><\/li>\n<\/ol>\n<p><span style=\"font-weight: 400;\">Legen wir los.<\/span><\/p>\n<p>&nbsp;<\/p>\n<\/div>\n<hr \/>\n<p>&nbsp;<\/p>\n<h2 id=\"chapter1\"><span style=\"color: #bfa27b;\">1)<\/span> Dateien in Ordner hochladen<\/h2>\n<p style=\"font-weight: 400;\">Um Dateien zu einem Ordner hinzuzuf\u00fcgen, navigieren Sie zu dem gew\u00fcnschten Ordner oder erstellen Sie einen neuen Ordner f\u00fcr Ihre Dateien.<\/p>\n<p style=\"font-weight: 400;\">Verwenden Sie dann die Hochladen-Schaltfl\u00e4che oder ziehen Sie Dateien per Drag &amp; Drop in Ihren Ordner.<\/p>\n<p style=\"font-weight: 400; padding-left: 40px;\"><strong>Hinweis<em>:<\/em><\/strong> Es gibt vier Ordnertypen in Kontainer DAM; nur der klassische \u201eOrdner\u201c enth\u00e4lt Dateien und kann hochgeladen werden. <strong><em><a href=\"https:\/\/helpdesk.kontainer.com\/de\/article\/einfuehrung-in-ordner-in-kontainer-dam\/\" target=\"_blank\" rel=\"noopener\">Klicken Sie hier, um mehr \u00fcber Ordnertypen zu erfahren<\/a><\/em><\/strong>.<\/p>\n<p style=\"font-weight: 400; padding-left: 40px;\"><strong>Hinweis<\/strong><em>:<\/em> Viele Kunden nutzen verschiedene Automatisierungen, um die Datei- und Datenverwaltung zu vereinfachen und zu optimieren. <strong><em><a href=\"mailto:support@kontainer.com\" target=\"_blank\" rel=\"noopener\">Kontaktieren Sie uns<\/a><\/em><\/strong>, wenn Sie sich \u00fcber Ihre Einrichtung unsicher sind.<\/p>\n<p><img decoding=\"async\" class=\"alignnone\" src=\"https:\/\/helpdesk.kontainer.com\/wp-content\/uploads\/2026\/03\/Kontainer-DAM-admin-intro_upload-files.png\" alt=\"Dateien in Kontainer DAM hochladen, entweder \u00fcber die Hochladen-Schaltfl\u00e4chen oder per Drag &amp; Drop\" width=\"800\" \/><\/p>\n<hr \/>\n<p>&nbsp;<\/p>\n<h2 id=\"chapter2\"><span style=\"color: #bfa27b;\">2)<\/span> Dateien mit Daten versehen<\/h2>\n<p>Sobald neue Dateien hochgeladen wurden, m\u00fcssen Sie in der Regel Daten hinzuf\u00fcgen, um die Dateien durchsuchbar und konform zu machen. <em><strong><a href=\"https:\/\/helpdesk.kontainer.com\/de\/article\/verschlagworten-in-dam\/\" target=\"_blank\" rel=\"noopener\">Erkunden Sie unseren Leitfaden zum Tagging hier<\/a><\/strong><\/em> und den <a href=\"https:\/\/helpdesk.kontainer.com\/de\/article\/verschlagworten-filtern-suchen\/\" target=\"_blank\" rel=\"noopener\"><em><strong>Konfigurationsleitfaden f\u00fcr Administratoren hier<\/strong><\/em><\/a>.<\/p>\n<p style=\"padding-left: 40px;\"><strong>Hinweis<\/strong>: Viele Kunden bereichern Dateien automatisch mit Daten \u00fcber Datenimporte und verschiedene KI-Funktionen. Wenn Sie unsicher sind, ob etwas f\u00fcr Sie eingerichtet ist, <strong><a href=\"mailto:support@kontainer.com\" target=\"_blank\" rel=\"noopener\"><em>kontaktieren Sie uns<\/em><\/a><\/strong>, und wir k\u00f6nnen das f\u00fcr Sie pr\u00fcfen.<\/p>\n<p>Beginnen Sie mit dem Hinzuf\u00fcgen von Daten \u00fcber die Funktion <em><strong>Dateidaten bearbeiten<\/strong><\/em>, die Sie durch Rechtsklick auf eine Bildauswahl oder \u00fcber das Drei-Punkte-Men\u00fc <em><strong>Mehr<\/strong><\/em> finden.<br \/>\n<img decoding=\"async\" class=\"alignnone\" src=\"https:\/\/helpdesk.kontainer.com\/wp-content\/uploads\/2026\/03\/Kontainer-DAM-admin-intro_Edit-file-data-1.png\" alt=\"Dateien in Kontainer DAM mit Daten versehen, indem Sie die Funktion 'Dateidaten bearbeiten' verwenden\" width=\"800\" \/><\/p>\n<div>\n<p><span lang=\"EN-US\">Die Funktion <em><strong>Einzelne Felder bearbeiten<\/strong><\/em> erm\u00f6glicht es Ihnen, Daten hinzuzuf\u00fcgen oder zu \u00e4ndern, w\u00e4hrend die vorhandenen Daten gesch\u00fctzt werden.<\/span><br \/>\n<img decoding=\"async\" class=\"alignnone\" src=\"https:\/\/helpdesk.kontainer.com\/wp-content\/uploads\/2026\/03\/Kontainer-DAM-admin-intro_Editing-sing-fields.png\" alt=\"Dateien in Kontainer DAM mit Daten versehen, indem Sie die Funktion 'Einzelne Felder bearbeiten' verwenden\" width=\"800\" \/><\/p>\n<\/div>\n<hr \/>\n<p>&nbsp;<\/p>\n<h2 id=\"chapter3\"><span style=\"color: #bfa27b;\">3)<\/span> Zugriff pr\u00fcfen oder gew\u00e4hren<\/h2>\n<p>Jeder neu erstellte Hauptordner ist zun\u00e4chst nur f\u00fcr Administratoren sichtbar. Jeder Unterordner erbt die Zugriffsrechte von seinem Hauptordner.<\/p>\n<p>Um die Berechtigungseinstellungen f\u00fcr einen Ordner zu pr\u00fcfen, den Sie hinzuf\u00fcgen oder gerade erstellt haben, verwenden Sie die Option <em><strong>Berechtigungen<\/strong><\/em> oben rechts.<\/p>\n<p style=\"padding-left: 40px;\"><strong>Hinweis<\/strong>: Bitte beachten Sie, dass viele Kunden den Zugriff nicht pro Nutzer, sondern pro Nutzergruppe verwalten. Um mehr zu erfahren, gehen Sie zum <em><strong><a href=\"https:\/\/helpdesk.kontainer.com\/de\/article\/berechtigungen\/\" target=\"_blank\" rel=\"noopener\">Berechtigungsleitfaden hier<\/a><\/strong><\/em>.<\/p>\n<p><img decoding=\"async\" class=\"alignnone\" src=\"https:\/\/helpdesk.kontainer.com\/wp-content\/uploads\/2026\/03\/Kontainer-DAM-admin-intro_Folder-permissions.png\" alt=\"Berechtigungen f\u00fcr einen Kontainer DAM-Ordner festlegen\" width=\"800\" \/><\/p>\n<hr \/>\n<p>&nbsp;<\/p>\n<h2 id=\"chapter4\"><span style=\"color: #bfa27b;\">4)<\/span> Design<\/h2>\n<p>Kontainer ist darauf ausgelegt, Ihre Marke strahlen zu lassen. Es gibt viele Anpassungsm\u00f6glichkeiten f\u00fcr das Erscheinungsbild. Dar\u00fcber hinaus k\u00f6nnen Sie Designs in Ihren Ordnern erstellen, diese in Landingpages f\u00fcr Ihre Inhalte umwandeln, Nutzer- und Markenhandb\u00fccher erstellen usw.<\/p>\n<p>Sehen Sie sich unseren <em><strong><a href=\"https:\/\/helpdesk.kontainer.com\/de\/article\/kontainer-stylen\/\" target=\"_blank\" rel=\"noopener\">umfassenden Designleitfaden hier an<\/a><\/strong><\/em>.<\/p>\n<p>Oben rechts in jedem Ordner k\u00f6nnen Sie den <em><strong>Seiten-Editor<\/strong><\/em> aufrufen, mit dem Sie Ihre Seiten gestalten k\u00f6nnen.<\/p>\n<p><img decoding=\"async\" class=\"alignnone\" src=\"https:\/\/helpdesk.kontainer.com\/wp-content\/uploads\/2026\/03\/Kontainer-DAM-admin-intro_Page-editor-scaled.png\" alt=\"Seiten-Editor in einem Kontainer DAM-Ordner\" width=\"800\" \/><\/p>\n<p>Unter <em><strong>Einstellungen\/Erscheinungsbild<\/strong><\/em> finden Sie verschiedene relevante Einstellungen, die eine nahtlose Integration mit Ihrer Marke erm\u00f6glichen.<\/p>\n<p>Hier k\u00f6nnen Sie z. B. <em><strong>Markenvoreinstellungen<\/strong><\/em> hinzuf\u00fcgen, um schnell Designs in Ihren Ordnern zu erstellen.<\/p>\n<p style=\"padding-left: 40px;\"><strong>Hinweis<\/strong>: Wenn Sie markenspezifische Schriftarten hinzuf\u00fcgen m\u00f6chten, <em><a href=\"mailto:support@kontainer.com\" target=\"_blank\" rel=\"noopener\">lassen Sie es uns wissen<\/a><\/em>.<\/p>\n<p><img decoding=\"async\" class=\"alignnone\" src=\"https:\/\/helpdesk.kontainer.com\/wp-content\/uploads\/2026\/03\/Kontainer-DAM-admin-intro_Brand-presets-scaled.png\" alt=\"Markenvoreinstellungen in Kontainer DAM\" width=\"800\" \/><\/p>\n<hr \/>\n<p>&nbsp;<\/p>\n<h2 id=\"chapter5\"><span style=\"color: #bfa27b;\">5)<\/span> Automatische Konvertierung von Dateien<\/h2>\n<p>Die letzte Funktion, die wir hier hervorheben m\u00f6chten, sind die verschiedenen Vorlagenoptionen, die den schnellen Online-Export und die Nutzung von Dateien und Daten erm\u00f6glichen.<\/p>\n<p>Um mehr zu erfahren, erkunden Sie diese Leitf\u00e4den:<\/p>\n<ul>\n<li><strong><em><a href=\"https:\/\/helpdesk.kontainer.com\/de\/article\/einfuehrung-in-downloadvorlagen\/\" target=\"_blank\" rel=\"noopener\">Download-Vorlagen f\u00fcr Bilder<\/a><\/em><\/strong> (Typische Anwendungen: Social Media, Newsletter, Pr\u00e4sentationen, Websites)<\/li>\n<li><a href=\"https:\/\/helpdesk.kontainer.com\/de\/article\/datenexportvorlagen\/\" target=\"_blank\" rel=\"noopener\"><strong><em>Datenexport-Vorlagen<\/em><\/strong><\/a> (Typische Anwendung: H\u00e4ndler, Webshops, E-Commerce, Marktpl\u00e4tze)<\/li>\n<li><a href=\"https:\/\/helpdesk.kontainer.com\/de\/article\/video-streaming-guide\/\" target=\"_blank\" rel=\"noopener\"><em><strong>Video-Streaming-Leitfaden<\/strong><\/em><\/a> (Sicheres und DSGVO-konformes Video-Hosting)<\/li>\n<\/ul>\n<p>Vorlagen werden im Men\u00fc <em><strong>Ressourcen<\/strong><\/em> verwaltet.<\/p>\n<p style=\"padding-left: 40px;\"><strong>Hinweis<\/strong>: Wie bei allem in Kontainer muss der Zugriff gew\u00e4hrt werden. Sobald Sie eine Vorlage erstellt haben, sehen Nicht-Administratoren diese nur, wenn der Zugriff gew\u00e4hrt wurde. <em><strong><a href=\"https:\/\/helpdesk.kontainer.com\/de\/article\/berechtigungen\/\" target=\"_blank\" rel=\"noopener\">Erfahren Sie hier mehr \u00fcber Berechtigungen<\/a><\/strong><\/em>.<\/p>\n<p><img decoding=\"async\" class=\"alignnone\" src=\"https:\/\/helpdesk.kontainer.com\/wp-content\/uploads\/2026\/02\/Kontainer-Download-templates_Helpdesk-guide_Create-new-scaled.png\" alt=\"Neue Download-Vorlage in den Kontainer-Ressourceneinstellungen erstellen\" width=\"800\" \/><\/p>\n<hr \/>\n<p>&nbsp;<\/p>\n<h2>Weitere Leitf\u00e4den zum Erkunden<\/h2>\n<p>Auf dem Helpdesk gibt es viele weitere Leitf\u00e4den. Hier ist eine \u00dcbersicht der wichtigsten Leitf\u00e4den f\u00fcr Administratoren.<\/p>\n<ul>\n<li><em><strong><a href=\"https:\/\/helpdesk.kontainer.com\/de\/article\/verschlagworten-in-dam\/\" target=\"_blank\" rel=\"noopener\">Tagging<\/a><\/strong><\/em><\/li>\n<li><a href=\"https:\/\/helpdesk.kontainer.com\/de\/article\/berechtigungen\/\" target=\"_blank\" rel=\"noopener\"><em><strong>Berechtigungen<\/strong><\/em><\/a><\/li>\n<li><a href=\"https:\/\/helpdesk.kontainer.com\/de\/article\/individuelles-ordnerdesign-landingpages\/\" target=\"_blank\" rel=\"noopener\"><em><strong>Individuelles Ordnerdesign &amp; Landingpages<\/strong><\/em><\/a><\/li>\n<li><a href=\"https:\/\/helpdesk.kontainer.com\/de\/article\/kontainer-stylen\/\" target=\"_blank\" rel=\"noopener\"><em><strong>Design<\/strong><\/em><\/a><\/li>\n<li><a href=\"https:\/\/helpdesk.kontainer.com\/de\/article\/einfuehrung-in-downloadvorlagen\/\" target=\"_blank\" rel=\"noopener\"><em><strong>Download-Vorlagen<\/strong><\/em><\/a><\/li>\n<li><em><strong><a href=\"https:\/\/helpdesk.kontainer.com\/de\/article\/kontaktbereich-hinzufuegen\/\" target=\"_blank\" rel=\"noopener\">Kontaktbereich<\/a> (ehemals Markenbereich)<\/strong><\/em><\/li>\n<li><a href=\"https:\/\/helpdesk.kontainer.com\/de\/article\/verschlagworten-filtern-suchen\/\" target=\"_blank\" rel=\"noopener\"><em><strong>Tagging-Felder verwalten<\/strong><\/em><\/a><\/li>\n<\/ul>\n<hr \/>\n<p>&nbsp;<\/p>\n<p>Lassen Sie uns wissen, wie es l\u00e4uft, und <em><strong><a href=\"http:\/\/calendly.com\/kontainer_\/support\" target=\"_blank\" rel=\"noopener\">buchen Sie hier ein Meeting<\/a><\/strong><\/em> oder <a href=\"mailto:support@kontainer.com\" target=\"_blank\" rel=\"noopener\"><em><strong>schreiben Sie uns eine E-Mail<\/strong><\/em><\/a>, wenn Sie Unterst\u00fctzung oder Inspiration ben\u00f6tigen.<\/p>\n","protected":false},"excerpt":{"rendered":"<p>Willkommen bei Kontainer DAM. Egal, ob dies Ihre erste Einf\u00fchrung in das System ist oder Sie Ihr Wissen auffrischen m\u00f6chten \u2013 wir sind hier, um Ihnen zu helfen, Ihre Aufgaben zu erledigen. Im folgenden Leitfaden gehen wir auf die Grundlagen von Kontainer DAM ein. Um mit Kontainer PIM zu beginnen, besuchen Sie bitte den PIM-Einf\u00fchrungsleitfaden [&hellip;]<\/p>\n","protected":false},"author":10,"featured_media":0,"parent":0,"menu_order":0,"comment_status":"closed","ping_status":"closed","template":"","meta":{"footnotes":""},"class_list":["post-6662","page","type-page","status-publish","hentry"],"_links":{"self":[{"href":"https:\/\/helpdesk.kontainer.com\/de\/wp-json\/wp\/v2\/pages\/6662","targetHints":{"allow":["GET"]}}],"collection":[{"href":"https:\/\/helpdesk.kontainer.com\/de\/wp-json\/wp\/v2\/pages"}],"about":[{"href":"https:\/\/helpdesk.kontainer.com\/de\/wp-json\/wp\/v2\/types\/page"}],"author":[{"embeddable":true,"href":"https:\/\/helpdesk.kontainer.com\/de\/wp-json\/wp\/v2\/users\/10"}],"replies":[{"embeddable":true,"href":"https:\/\/helpdesk.kontainer.com\/de\/wp-json\/wp\/v2\/comments?post=6662"}],"version-history":[{"count":4,"href":"https:\/\/helpdesk.kontainer.com\/de\/wp-json\/wp\/v2\/pages\/6662\/revisions"}],"predecessor-version":[{"id":7304,"href":"https:\/\/helpdesk.kontainer.com\/de\/wp-json\/wp\/v2\/pages\/6662\/revisions\/7304"}],"wp:attachment":[{"href":"https:\/\/helpdesk.kontainer.com\/de\/wp-json\/wp\/v2\/media?parent=6662"}],"curies":[{"name":"wp","href":"https:\/\/api.w.org\/{rel}","templated":true}]}}